{"id":2,"date":"2016-05-17T06:45:47","date_gmt":"2016-05-17T06:45:47","guid":{"rendered":"http:\/\/laestrelladeljamon.es\/blog\/?page_id=2"},"modified":"2017-01-19T17:14:14","modified_gmt":"2017-01-19T15:14:14","slug":"pagina-ejemplo","status":"publish","type":"page","link":"https:\/\/laestrelladeljamon.es\/blog\/pagina-ejemplo\/","title":{"rendered":"La Estrella del Jam\u00f3n"},"content":{"rendered":"<p><img decoding=\"async\" loading=\"lazy\" class=\"alignnone size-full wp-image-7\" src=\"https:\/\/laestrelladeljamon.com\/blog\/wp-content\/uploads\/2014\/11\/Logo-redes-sociales-1.jpg\" alt=\"\" width=\"1677\" height=\"1111\" srcset=\"https:\/\/laestrelladeljamon.es\/blog\/wp-content\/uploads\/2014\/11\/Logo-redes-sociales-1.jpg 1677w, https:\/\/laestrelladeljamon.es\/blog\/wp-content\/uploads\/2014\/11\/Logo-redes-sociales-1-300x199.jpg 300w, https:\/\/laestrelladeljamon.es\/blog\/wp-content\/uploads\/2014\/11\/Logo-redes-sociales-1-768x509.jpg 768w, https:\/\/laestrelladeljamon.es\/blog\/wp-content\/uploads\/2014\/11\/Logo-redes-sociales-1-1024x678.jpg 1024w\" sizes=\"(max-width: 1677px) 100vw, 1677px\" \/><\/p>\n<p>La Estrella del Jam\u00f3n est\u00e1 conformada por dos empresas pertenecientes a una misma familia. Mariano G\u00f3mez -1973- y Jamones Sierra Palomera -1995- est\u00e1n dedicadas a la elaboraci\u00f3n artesanal de jam\u00f3n Serrano, Jam\u00f3n de Teruel DOP y Jam\u00f3n Ib\u00e9rico en secaderos naturales, mezclando modernos m\u00e9todos de trabajo con el saber hacer transmitido de abuelos a nietos.<\/p>\n","protected":false},"excerpt":{"rendered":"<p>La Estrella del Jam\u00f3n est\u00e1 conformada por dos empresas pertenecientes a una misma familia. Mariano G\u00f3mez -1973- y Jamones Sierra Palomera -1995- est\u00e1n dedicadas a la elaboraci\u00f3n artesanal de jam\u00f3n Serrano, Jam\u00f3n de Teruel DOP y Jam\u00f3n Ib\u00e9rico en secaderos naturales, mezclando modernos m\u00e9todos de trabajo con el saber hacer transmitido de abuelos a nietos.<\/p>\n","protected":false},"author":1,"featured_media":0,"parent":0,"menu_order":0,"comment_status":"open","ping_status":"open","template":"","meta":[],"_links":{"self":[{"href":"https:\/\/laestrelladeljamon.es\/blog\/wp-json\/wp\/v2\/pages\/2"}],"collection":[{"href":"https:\/\/laestrelladeljamon.es\/blog\/wp-json\/wp\/v2\/pages"}],"about":[{"href":"https:\/\/laestrelladeljamon.es\/blog\/wp-json\/wp\/v2\/types\/page"}],"author":[{"embeddable":true,"href":"https:\/\/laestrelladeljamon.es\/blog\/wp-json\/wp\/v2\/users\/1"}],"replies":[{"embeddable":true,"href":"https:\/\/laestrelladeljamon.es\/blog\/wp-json\/wp\/v2\/comments?post=2"}],"version-history":[{"count":2,"href":"https:\/\/laestrelladeljamon.es\/blog\/wp-json\/wp\/v2\/pages\/2\/revisions"}],"predecessor-version":[{"id":1702,"href":"https:\/\/laestrelladeljamon.es\/blog\/wp-json\/wp\/v2\/pages\/2\/revisions\/1702"}],"wp:attachment":[{"href":"https:\/\/laestrelladeljamon.es\/blog\/wp-json\/wp\/v2\/media?parent=2"}],"curies":[{"name":"wp","href":"https:\/\/api.w.org\/{rel}","templated":true}]}}